{"id":1957,"date":"2021-09-22T15:34:41","date_gmt":"2021-09-22T13:34:41","guid":{"rendered":"https:\/\/kikife.de\/contact\/"},"modified":"2023-02-06T13:32:27","modified_gmt":"2023-02-06T12:32:27","slug":"contact","status":"publish","type":"page","link":"https:\/\/kikife.de\/en\/contact\/","title":{"rendered":"Contact"},"content":{"rendered":"<p>[et_pb_section fb_built=&#8221;1&#8243; _builder_version=&#8221;4.19.5&#8243; _module_preset=&#8221;default&#8221; background_color=&#8221;#F1EBCB&#8221; background_image=&#8221;https:\/\/kikife.de\/wp-content\/uploads\/2021\/08\/kontakt-header.png&#8221; background_size=&#8221;contain&#8221; background_position=&#8221;center_left&#8221; min_height_last_edited=&#8221;off|desktop&#8221; height=&#8221;1000px&#8221; height_tablet=&#8221;&#8221; height_phone=&#8221;&#8221; height_last_edited=&#8221;on|desktop&#8221; custom_padding=&#8221;10vw||10vw||true|false&#8221; hover_enabled=&#8221;0&#8243; background_last_edited=&#8221;on|phone&#8221; background_enable_image_phone=&#8221;off&#8221; global_colors_info=&#8221;{}&#8221; sticky_enabled=&#8221;0&#8243;][et_pb_row _builder_version=&#8221;4.16&#8243; _module_preset=&#8221;default&#8221; background_enable_image=&#8221;off&#8221; background_size=&#8221;initial&#8221; background_position=&#8221;center_right&#8221; global_colors_info=&#8221;{}&#8221;][et_pb_column type=&#8221;4_4&#8243; _builder_version=&#8221;4.16&#8243; _module_preset=&#8221;default&#8221; global_colors_info=&#8221;{}&#8221;][et_pb_post_title meta=&#8221;off&#8221; featured_image=&#8221;off&#8221; _builder_version=&#8221;4.16&#8243; _module_preset=&#8221;default&#8221; title_font=&#8221;GT Pressura Bold||||||||&#8221; title_font_size=&#8221;64px&#8221; title_line_height=&#8221;90px&#8221; title_font_size_tablet=&#8221;&#8221; title_font_size_phone=&#8221;&#8221; title_font_size_last_edited=&#8221;on|desktop&#8221; global_colors_info=&#8221;{}&#8221;][\/et_pb_post_title][\/et_pb_column][\/et_pb_row][et_pb_row column_structure=&#8221;1_2,1_2&#8243; _builder_version=&#8221;4.16&#8243; _module_preset=&#8221;default&#8221; custom_margin=&#8221;||80px||false|false&#8221; global_colors_info=&#8221;{}&#8221;][et_pb_column type=&#8221;1_2&#8243; _builder_version=&#8221;4.16&#8243; _module_preset=&#8221;default&#8221; custom_padding=&#8221;|80px|||false|false&#8221; custom_padding_tablet=&#8221;&#8221; custom_padding_phone=&#8221;|0px|||false|false&#8221; custom_padding_last_edited=&#8221;on|desktop&#8221; global_colors_info=&#8221;{}&#8221;][et_pb_text _builder_version=&#8221;4.16&#8243; _module_preset=&#8221;default&#8221; text_font=&#8221;GT Pressura Light|300|||||||&#8221; text_font_size=&#8221;24px&#8221; link_font=&#8221;GT Pressura Bold||||||||&#8221; header_4_font=&#8221;GT Pressura Bold||||||||&#8221; header_4_font_size=&#8221;24px&#8221; text_font_size_tablet=&#8221;&#8221; text_font_size_phone=&#8221;17px&#8221; text_font_size_last_edited=&#8221;on|phone&#8221; global_colors_info=&#8221;{}&#8221;]<\/p>\n<h4>Festival Office<\/h4>\n<p><strong><\/strong>Children&#8217;s cinema festival Schw\u00e4bisch Gm\u00fcnd<br \/>\nHirschg\u00e4\u00dfle 7<br \/>\n73525 Schw\u00e4bisch Gm\u00fcnd[\/et_pb_text][\/et_pb_column][et_pb_column type=&#8221;1_2&#8243; _builder_version=&#8221;4.16&#8243; _module_preset=&#8221;default&#8221; custom_padding=&#8221;|80px|||false|false&#8221; custom_padding_tablet=&#8221;&#8221; custom_padding_phone=&#8221;|0px|||false|false&#8221; custom_padding_last_edited=&#8221;on|desktop&#8221; global_colors_info=&#8221;{}&#8221;][et_pb_text _builder_version=&#8221;4.16&#8243; _module_preset=&#8221;default&#8221; text_font=&#8221;GT Pressura Light|300|||||||&#8221; text_font_size=&#8221;24px&#8221; link_font=&#8221;GT Pressura Bold||||||||&#8221; header_4_font=&#8221;GT Pressura Bold||||||||&#8221; header_4_font_size=&#8221;24px&#8221; custom_padding=&#8221;|80px|||false|false&#8221; custom_padding_tablet=&#8221;&#8221; custom_padding_phone=&#8221;|0px|||false|false&#8221; custom_padding_last_edited=&#8221;on|desktop&#8221; text_font_size_tablet=&#8221;&#8221; text_font_size_phone=&#8221;17px&#8221; text_font_size_last_edited=&#8221;on|phone&#8221; global_colors_info=&#8221;{}&#8221;]<\/p>\n<h4>General questions and suggestions about Kikife<\/h4>\n<p><a href=\"mailto:hallo@kikife.de\">hello(at)kikife.de<\/a><\/p>\n<p>[\/et_pb_text][et_pb_text _builder_version=&#8221;4.16&#8243; _module_preset=&#8221;default&#8221; text_font=&#8221;GT Pressura Light|300|||||||&#8221; text_font_size=&#8221;24px&#8221; link_font=&#8221;GT Pressura Bold||||||||&#8221; header_4_font=&#8221;GT Pressura Bold||||||||&#8221; header_4_font_size=&#8221;24px&#8221; custom_padding=&#8221;|80px|||false|false&#8221; custom_padding_tablet=&#8221;&#8221; custom_padding_phone=&#8221;|0px|||false|false&#8221; custom_padding_last_edited=&#8221;on|desktop&#8221; text_font_size_tablet=&#8221;&#8221; text_font_size_phone=&#8221;17px&#8221; text_font_size_last_edited=&#8221;on|phone&#8221; locked=&#8221;off&#8221; global_colors_info=&#8221;{}&#8221;]<\/p>\n<h4>Reservations for school classes and groups<\/h4>\n<p><a href=\"mailto:reservierung@kikife.de\">reservation(at)kikife.de<\/a><\/p>\n<p>[\/et_pb_text][\/et_pb_column][\/et_pb_row][et_pb_row column_structure=&#8221;1_2,1_2&#8243; _builder_version=&#8221;4.16&#8243; _module_preset=&#8221;default&#8221; custom_margin=&#8221;||80px||false|false&#8221; custom_margin_tablet=&#8221;&#8221; custom_margin_phone=&#8221;&#8221; custom_margin_last_edited=&#8221;on|desktop&#8221; global_colors_info=&#8221;{}&#8221;][et_pb_column type=&#8221;1_2&#8243; _builder_version=&#8221;4.16&#8243; _module_preset=&#8221;default&#8221; custom_padding=&#8221;|80px|||false|false&#8221; custom_padding_tablet=&#8221;&#8221; custom_padding_phone=&#8221;|0px|||false|false&#8221; custom_padding_last_edited=&#8221;on|desktop&#8221; global_colors_info=&#8221;{}&#8221;][et_pb_text _builder_version=&#8221;4.16&#8243; _module_preset=&#8221;default&#8221; text_font=&#8221;GT Pressura Light|300|||||||&#8221; text_font_size=&#8221;24px&#8221; link_font=&#8221;GT Pressura Bold||||||||&#8221; header_4_font=&#8221;GT Pressura Bold||||||||&#8221; header_4_font_size=&#8221;24px&#8221; custom_padding=&#8221;|80px|||false|false&#8221; custom_padding_tablet=&#8221;&#8221; custom_padding_phone=&#8221;|0px|||false|false&#8221; custom_padding_last_edited=&#8221;on|desktop&#8221; text_font_size_tablet=&#8221;&#8221; text_font_size_phone=&#8221;17px&#8221; text_font_size_last_edited=&#8221;on|phone&#8221; locked=&#8221;off&#8221; global_colors_info=&#8221;{}&#8221;]<\/p>\n<h4>Brazil Cinema<\/h4>\n<p>Hirschg\u00e4\u00dfle 7<br \/>\n73525 Schw\u00e4bisch Gm\u00fcnd<br \/>\n07171 9782957<br \/>\nwww.brazilkino.de[\/et_pb_text][\/et_pb_column][et_pb_column type=&#8221;1_2&#8243; _builder_version=&#8221;4.16&#8243; _module_preset=&#8221;default&#8221; custom_padding=&#8221;|80px|||false|false&#8221; custom_padding_tablet=&#8221;&#8221; custom_padding_phone=&#8221;|0px|||false|false&#8221; custom_padding_last_edited=&#8221;on|desktop&#8221; global_colors_info=&#8221;{}&#8221;][et_pb_text _builder_version=&#8221;4.16&#8243; _module_preset=&#8221;default&#8221; text_font=&#8221;GT Pressura Light|300|||||||&#8221; text_font_size=&#8221;24px&#8221; link_font=&#8221;GT Pressura Bold||||||||&#8221; header_4_font=&#8221;GT Pressura Bold||||||||&#8221; header_4_font_size=&#8221;24px&#8221; custom_padding=&#8221;|80px|||false|false&#8221; custom_padding_tablet=&#8221;&#8221; custom_padding_phone=&#8221;|0px|||false|false&#8221; custom_padding_last_edited=&#8221;on|desktop&#8221; text_font_size_tablet=&#8221;&#8221; text_font_size_phone=&#8221;17px&#8221; text_font_size_last_edited=&#8221;on|phone&#8221; locked=&#8221;off&#8221; global_colors_info=&#8221;{}&#8221;]<\/p>\n<h4>Traumpalast Schw\u00e4bisch Gm\u00fcnd<\/h4>\n<p>T\u00fcrlensteg 29<br \/>\n73525 Schw\u00e4bisch Gm\u00fcnd<br \/>\n0711 55090770<br \/>\nwww.traumpalast.de[\/et_pb_text][\/et_pb_column][\/et_pb_row][\/et_pb_section][et_pb_section fb_built=&#8221;1&#8243; _builder_version=&#8221;4.16&#8243; _module_preset=&#8221;default&#8221; background_image=&#8221;https:\/\/kikife.de\/wp-content\/uploads\/2021\/08\/kontakt-bg.png&#8221; background_size=&#8221;contain&#8221; background_position=&#8221;top_right&#8221; background_last_edited=&#8221;on|phone&#8221; background_enable_image_phone=&#8221;off&#8221; global_colors_info=&#8221;{}&#8221;][et_pb_row column_structure=&#8221;1_2,1_2&#8243; _builder_version=&#8221;4.16&#8243; _module_preset=&#8221;default&#8221; custom_margin=&#8221;40px||40px||true|false&#8221; locked=&#8221;off&#8221; global_colors_info=&#8221;{}&#8221;][et_pb_column type=&#8221;1_2&#8243; _builder_version=&#8221;4.16&#8243; _module_preset=&#8221;default&#8221; custom_padding=&#8221;|80px|||false|false&#8221; custom_padding_tablet=&#8221;&#8221; custom_padding_phone=&#8221;|0px|||false|false&#8221; custom_padding_last_edited=&#8221;on|desktop&#8221; global_colors_info=&#8221;{}&#8221;][et_pb_text _builder_version=&#8221;4.16&#8243; _module_preset=&#8221;default&#8221; text_font=&#8221;GT Pressura Light|300|||||||&#8221; text_font_size=&#8221;24px&#8221; link_font=&#8221;GT Pressura Bold||||||||&#8221; header_4_font=&#8221;GT Pressura Bold||||||||&#8221; header_4_font_size=&#8221;24px&#8221; text_font_size_tablet=&#8221;&#8221; text_font_size_phone=&#8221;17px&#8221; text_font_size_last_edited=&#8221;on|phone&#8221; global_colors_info=&#8221;{}&#8221;]<\/p>\n<h4>Festival management: programme and organisation<\/h4>\n<p>Walter Deininger<\/p>\n<p><a href=\"mailto:walter.deininger@kikife.de\">walter.deininger(at)kikife.de<\/a><\/p>\n<p>[\/et_pb_text][\/et_pb_column][et_pb_column type=&#8221;1_2&#8243; _builder_version=&#8221;4.16&#8243; _module_preset=&#8221;default&#8221; custom_padding=&#8221;|80px|||false|false&#8221; custom_padding_tablet=&#8221;&#8221; custom_padding_phone=&#8221;|0px|||false|false&#8221; custom_padding_last_edited=&#8221;on|desktop&#8221; global_colors_info=&#8221;{}&#8221;][et_pb_text _builder_version=&#8221;4.16&#8243; _module_preset=&#8221;default&#8221; text_font=&#8221;GT Pressura Light|300|||||||&#8221; text_font_size=&#8221;24px&#8221; link_font=&#8221;GT Pressura Bold||||||||&#8221; header_4_font=&#8221;GT Pressura Bold||||||||&#8221; header_4_font_size=&#8221;24px&#8221; text_font_size_tablet=&#8221;&#8221; text_font_size_phone=&#8221;17px&#8221; text_font_size_last_edited=&#8221;on|phone&#8221; locked=&#8221;off&#8221; global_colors_info=&#8221;{}&#8221;]<\/p>\n<h4>Festival management: programme and film procurement<\/h4>\n<p>Gerhard Klein<\/p>\n<p><a href=\"mailto:gerhard.klein@kikife.de\">gerhard.klein(at)kikife.de<\/a><\/p>\n<p>[\/et_pb_text][\/et_pb_column][\/et_pb_row][et_pb_row column_structure=&#8221;1_2,1_2&#8243; _builder_version=&#8221;4.16&#8243; _module_preset=&#8221;default&#8221; custom_margin=&#8221;40px||40px||true|false&#8221; locked=&#8221;off&#8221; global_colors_info=&#8221;{}&#8221;][et_pb_column type=&#8221;1_2&#8243; _builder_version=&#8221;4.16&#8243; _module_preset=&#8221;default&#8221; custom_padding=&#8221;|80px|||false|false&#8221; custom_padding_tablet=&#8221;&#8221; custom_padding_phone=&#8221;|0px|||false|false&#8221; custom_padding_last_edited=&#8221;on|desktop&#8221; global_colors_info=&#8221;{}&#8221;][et_pb_text _builder_version=&#8221;4.16&#8243; _module_preset=&#8221;default&#8221; text_font=&#8221;GT Pressura Light|300|||||||&#8221; text_font_size=&#8221;24px&#8221; link_font=&#8221;GT Pressura Bold||||||||&#8221; header_4_font=&#8221;GT Pressura Bold||||||||&#8221; header_4_font_size=&#8221;24px&#8221; text_font_size_tablet=&#8221;&#8221; text_font_size_phone=&#8221;17px&#8221; text_font_size_last_edited=&#8221;on|phone&#8221; global_colors_info=&#8221;{}&#8221;]<\/p>\n<h4>Short film production<\/h4>\n<p>Ralph H\u00e4cker<\/p>\n<p><a href=\"mailto:ralph.haecker@schwaebisch-gmuend.de\">ralph.haecker(at)schwaebisch-gmuend.de<\/a><\/p>\n<p>[\/et_pb_text][\/et_pb_column][et_pb_column type=&#8221;1_2&#8243; _builder_version=&#8221;4.16&#8243; _module_preset=&#8221;default&#8221; custom_padding=&#8221;|80px|||false|false&#8221; custom_padding_tablet=&#8221;&#8221; custom_padding_phone=&#8221;|0px|||false|false&#8221; custom_padding_last_edited=&#8221;on|desktop&#8221; global_colors_info=&#8221;{}&#8221;][et_pb_text _builder_version=&#8221;4.16&#8243; _module_preset=&#8221;default&#8221; text_font=&#8221;GT Pressura Light|300|||||||&#8221; text_font_size=&#8221;24px&#8221; link_font=&#8221;GT Pressura Bold||||||||&#8221; header_4_font=&#8221;GT Pressura Bold||||||||&#8221; header_4_font_size=&#8221;24px&#8221; custom_padding=&#8221;|80px|||false|false&#8221; custom_padding_tablet=&#8221;&#8221; custom_padding_phone=&#8221;|0px|||false|false&#8221; custom_padding_last_edited=&#8221;on|desktop&#8221; text_font_size_tablet=&#8221;&#8221; text_font_size_phone=&#8221;17px&#8221; text_font_size_last_edited=&#8221;on|phone&#8221; locked=&#8221;off&#8221; global_colors_info=&#8221;{}&#8221;]<\/p>\n<h4>Scientific supervision and student support programme<\/h4>\n<p>Dr. phil. Christian Weissenburger<\/p>\n<p><a href=\"mailto:christian.weissenburger@ph-gmuend.de\">christian.weissenburger(at)ph-gmuend.de<\/a>[\/et_pb_text][\/et_pb_column][\/et_pb_row][et_pb_row column_structure=&#8221;1_2,1_2&#8243; _builder_version=&#8221;4.16&#8243; _module_preset=&#8221;default&#8221; custom_margin=&#8221;40px||40px||true|false&#8221; locked=&#8221;off&#8221; global_colors_info=&#8221;{}&#8221;][et_pb_column type=&#8221;1_2&#8243; _builder_version=&#8221;4.16&#8243; _module_preset=&#8221;default&#8221; custom_padding=&#8221;|80px|||false|false&#8221; custom_padding_tablet=&#8221;&#8221; custom_padding_phone=&#8221;|0px|||false|false&#8221; custom_padding_last_edited=&#8221;on|desktop&#8221; global_colors_info=&#8221;{}&#8221;][et_pb_text _builder_version=&#8221;4.16&#8243; _module_preset=&#8221;default&#8221; text_font=&#8221;GT Pressura Light|300|||||||&#8221; text_font_size=&#8221;24px&#8221; link_font=&#8221;GT Pressura Bold||||||||&#8221; header_4_font=&#8221;GT Pressura Bold||||||||&#8221; header_4_font_size=&#8221;24px&#8221; text_font_size_tablet=&#8221;&#8221; text_font_size_phone=&#8221;17px&#8221; text_font_size_last_edited=&#8221;on|phone&#8221; locked=&#8221;off&#8221; global_colors_info=&#8221;{}&#8221;]<\/p>\n<h4>Scientific supervision and children&#8217;s jury<\/h4>\n<p>Dr. Henriette Hoppe<\/p>\n<p><a href=\"mailto:henriette.hoppe@ph-gmuend.de\">henriette.hoppe(at)ph-gmuend.de<\/a>[\/et_pb_text][\/et_pb_column][et_pb_column type=&#8221;1_2&#8243; _builder_version=&#8221;4.16&#8243; _module_preset=&#8221;default&#8221; custom_padding=&#8221;|80px|||false|false&#8221; custom_padding_tablet=&#8221;&#8221; custom_padding_phone=&#8221;|0px|||false|false&#8221; custom_padding_last_edited=&#8221;on|desktop&#8221; global_colors_info=&#8221;{}&#8221;][et_pb_text _builder_version=&#8221;4.16&#8243; _module_preset=&#8221;default&#8221; text_font=&#8221;GT Pressura Light|300|||||||&#8221; text_font_size=&#8221;24px&#8221; link_font=&#8221;GT Pressura Bold||||||||&#8221; header_4_font=&#8221;GT Pressura Bold||||||||&#8221; header_4_font_size=&#8221;24px&#8221; text_font_size_tablet=&#8221;&#8221; text_font_size_phone=&#8221;17px&#8221; text_font_size_last_edited=&#8221;on|phone&#8221; global_colors_info=&#8221;{}&#8221;]<\/p>\n<h4>Press and public relations work and sponsoring<\/h4>\n<p>Katharina lamp<\/p>\n<p><a href=\"mailto:katharina.lampe@schwabisch-gmuend.de\">katharina.lampe(at)schwabisch-gmuend.de<\/a><\/p>\n<p><a href=\"mailto:katrin.schmitt@kikife.de\"><\/a><\/p>\n<p>[\/et_pb_text][\/et_pb_column][\/et_pb_row][et_pb_row column_structure=&#8221;1_2,1_2&#8243; _builder_version=&#8221;4.16&#8243; _module_preset=&#8221;default&#8221; custom_margin=&#8221;40px||40px||true|false&#8221; locked=&#8221;off&#8221; global_colors_info=&#8221;{}&#8221;][et_pb_column type=&#8221;1_2&#8243; _builder_version=&#8221;4.16&#8243; _module_preset=&#8221;default&#8221; custom_padding=&#8221;|80px|||false|false&#8221; custom_padding_tablet=&#8221;&#8221; custom_padding_phone=&#8221;|0px|||false|false&#8221; custom_padding_last_edited=&#8221;on|desktop&#8221; global_colors_info=&#8221;{}&#8221;][et_pb_text _builder_version=&#8221;4.16&#8243; _module_preset=&#8221;default&#8221; text_font=&#8221;GT Pressura Light|300|||||||&#8221; text_font_size=&#8221;24px&#8221; link_font=&#8221;GT Pressura Bold||||||||&#8221; header_4_font=&#8221;GT Pressura Bold||||||||&#8221; header_4_font_size=&#8221;24px&#8221; text_font_size_tablet=&#8221;&#8221; text_font_size_phone=&#8221;17px&#8221; text_font_size_last_edited=&#8221;on|phone&#8221; locked=&#8221;off&#8221; global_colors_info=&#8221;{}&#8221;]<\/p>\n<h4>Marketing and organization<\/h4>\n<p>Andr\u00e9 Lehmann<\/p>\n<p><a href=\"mailto:lehmann@kikife.de\">lehmann(at)kikife.de<\/a><\/p>\n<p>[\/et_pb_text][\/et_pb_column][et_pb_column type=&#8221;1_2&#8243; _builder_version=&#8221;4.16&#8243; _module_preset=&#8221;default&#8221; custom_padding=&#8221;|80px|||false|false&#8221; custom_padding_tablet=&#8221;&#8221; custom_padding_phone=&#8221;|0px|||false|false&#8221; custom_padding_last_edited=&#8221;on|desktop&#8221; global_colors_info=&#8221;{}&#8221;][\/et_pb_column][\/et_pb_row][\/et_pb_section]<\/p>\n","protected":false},"excerpt":{"rendered":"<p>Festival Office Children&#8217;s cinema festival Schw\u00e4bisch Gm\u00fcnd Hirschg\u00e4\u00dfle 7 73525 Schw\u00e4bisch Gm\u00fcndGeneral questions and suggestions about Kikife hello(at)kikife.deReservations for school classes and groups reservation(at)kikife.deBrazil Cinema Hirschg\u00e4\u00dfle 7 73525 Schw\u00e4bisch Gm\u00fcnd 07171 9782957 www.brazilkino.deTraumpalast Schw\u00e4bisch Gm\u00fcnd T\u00fcrlensteg 29 73525 Schw\u00e4bisch Gm\u00fcnd 0711 55090770 www.traumpalast.deFestival management: programme and organisation Walter Deininger walter.deininger(at)kikife.deFestival management: programme and film procurement [&hellip;]<\/p>\n","protected":false},"author":1,"featured_media":0,"parent":0,"menu_order":8,"comment_status":"closed","ping_status":"closed","template":"","meta":{"_et_pb_use_builder":"on","_et_pb_old_content":"","_et_gb_content_width":"","footnotes":""},"class_list":["post-1957","page","type-page","status-publish","hentry"],"acf":[],"_links":{"self":[{"href":"https:\/\/kikife.de\/en\/wp-json\/wp\/v2\/pages\/1957","targetHints":{"allow":["GET"]}}],"collection":[{"href":"https:\/\/kikife.de\/en\/wp-json\/wp\/v2\/pages"}],"about":[{"href":"https:\/\/kikife.de\/en\/wp-json\/wp\/v2\/types\/page"}],"author":[{"embeddable":true,"href":"https:\/\/kikife.de\/en\/wp-json\/wp\/v2\/users\/1"}],"replies":[{"embeddable":true,"href":"https:\/\/kikife.de\/en\/wp-json\/wp\/v2\/comments?post=1957"}],"version-history":[{"count":10,"href":"https:\/\/kikife.de\/en\/wp-json\/wp\/v2\/pages\/1957\/revisions"}],"predecessor-version":[{"id":2520,"href":"https:\/\/kikife.de\/en\/wp-json\/wp\/v2\/pages\/1957\/revisions\/2520"}],"wp:attachment":[{"href":"https:\/\/kikife.de\/en\/wp-json\/wp\/v2\/media?parent=1957"}],"curies":[{"name":"wp","href":"https:\/\/api.w.org\/{rel}","templated":true}]}}