{"id":1972,"date":"2021-09-22T15:37:09","date_gmt":"2021-09-22T13:37:09","guid":{"rendered":"https:\/\/kikife.de\/privacy-policy\/"},"modified":"2021-09-22T15:37:11","modified_gmt":"2021-09-22T13:37:11","slug":"privacy-policy","status":"publish","type":"page","link":"https:\/\/kikife.de\/en\/privacy-policy\/","title":{"rendered":"Privacy policy"},"content":{"rendered":"<p>[et_pb_section fb_built=&#8221;1&#8243; admin_label=&#8221;section&#8221; _builder_version=&#8221;3.22&#8243; global_colors_info=&#8221;{}&#8221;][et_pb_row admin_label=&#8221;row&#8221; module_id=&#8221;kurzfilmworkshop&#8221; _builder_version=&#8221;3.25&#8243; max_width=&#8221;850px&#8221; custom_margin=&#8221;80px||80px||true|false&#8221; global_colors_info=&#8221;{}&#8221;][et_pb_column type=&#8221;4_4&#8243; _builder_version=&#8221;3.25&#8243; custom_padding=&#8221;|||&#8221; global_colors_info=&#8221;{}&#8221; custom_padding__hover=&#8221;|||&#8221;][et_pb_text admin_label=&#8221;Text&#8221; _builder_version=&#8221;4.10.5&#8243; text_font=&#8221;GT Pressura Light|300|||||||&#8221; header_2_font=&#8221;GT Pressura Bold||||||||&#8221; header_2_font_size=&#8221;64px&#8221; header_3_font=&#8221;GT Pressura Bold||||||||&#8221; header_3_font_size=&#8221;35px&#8221; header_4_font=&#8221;GT Pressura Bold||||||||&#8221; header_4_font_size=&#8221;20px&#8221; background_size=&#8221;initial&#8221; background_position=&#8221;top_left&#8221; background_repeat=&#8221;repeat&#8221; hover_enabled=&#8221;0&#8243; text_font_size_tablet=&#8221;&#8221; text_font_size_phone=&#8221;15px&#8221; text_font_size_last_edited=&#8221;on|phone&#8221; header_2_font_size_tablet=&#8221;60px&#8221; header_2_font_size_phone=&#8221;&#8221; header_2_font_size_last_edited=&#8221;on|phone&#8221; header_3_font_size_tablet=&#8221;&#8221; header_3_font_size_phone=&#8221;30px&#8221; header_3_font_size_last_edited=&#8221;on|phone&#8221; header_4_font_size_tablet=&#8221;&#8221; header_4_font_size_phone=&#8221;15px&#8221; header_4_font_size_last_edited=&#8221;on|phone&#8221; global_colors_info=&#8221;{}&#8221; sticky_enabled=&#8221;0&#8243;]<\/p>\n<h2>Privacy policy<\/h2>\n<h3>Allgemeine Informationen<\/h3>\n<p>Beim Besuch unser Webseite erhebt der Anbieter dieser Plattform (beziehungsweise sein Webspace-Provider) Daten \u00fcber jeden Zugriff auf das Angebot. Zu diesen Zugriffsdaten geh\u00f6ren:<\/p>\n<ul>\n<li>der Name der abgerufenen Webseite,<\/li>\n<li>IP-Adresse des anfragenden Rechners,<\/li>\n<li>das Datum und die Uhrzeit des Abrufs,<\/li>\n<li>die \u00fcbertragene Datenmenge,<\/li>\n<li>den Browsertyp und die Version des Browsers,<\/li>\n<li>das vom Nutzer verwendete Betriebssystem,<\/li>\n<li>die Webseite von der aus der Nutzer diesen Internetauftritt besucht (Referrer URL),<\/li>\n<li>der anfragende Provider<\/li>\n<\/ul>\n<p>Die genannten Daten werden durch Betreiber zu folgenden Zwecken verarbeitet:<\/p>\n<ul>\n<li>Verbesserung und Gew\u00e4hrleistung des Verbindungsaufbaus zur Website,<\/li>\n<li>Verbesserung der Nutzungsm\u00f6glichkeit der Website,<\/li>\n<li>Auswertung der Systemsicherheit und -stabilit\u00e4t sowie<\/li>\n<li>administrative Zwecke.<\/li>\n<\/ul>\n<p>Die Rechtsgrundlage f\u00fcr die Datenverarbeitung ist Art. 6 Abs. 1 S. 1 lit. f DSGVO. Das berechtigte Interesse des Anbieters folgt aus oben aufgelisteten Zwecken zur Datenerhebung. Die Daten sind anonym und werden getrennt von Ihren eventuell angegebenen personenbezogenen Daten gespeichert. R\u00fcckschl\u00fcsse auf eine bestimmte Person sind nicht m\u00f6glich.<\/p>\n<p>Eine \u00dcbermittlung Ihrer pers\u00f6nlichen Daten an Dritte erfolgt nur zu nachfolgend aufgef\u00fchrten Zweck. Eine \u00dcbermittlung aus anderen Gr\u00fcnden erfolgt nicht:<\/p>\n<p>Eine Weitergabe der pers\u00f6nlichen Daten des Nutzers an Dritte erfolgt nur, wenn:<\/p>\n<ul>\n<li>Der Nutzer seine ausdr\u00fcckliche Einwilligung nach Art. 6 Abs. 1 S. 1 lit. a DSGVO dazu erteilt haben,<\/li>\n<li>die Weitergabe nach Art. 6 Abs. 1 S. 1 lit. f DSGVO zur Geltendmachung, Aus\u00fcbung oder Verteidigung von Rechtsanspr\u00fcchen erforderlich ist und kein Grund zur Annahme besteht, dass Sie ein \u00fcberwiegendes schutzw\u00fcrdiges Interesse an der Nichtweitergabe Ihrer Daten haben,<\/li>\n<li>f\u00fcr den Fall, dass f\u00fcr die Weitergabe nach Art. 6 Abs. 1 S. 1 lit. c DSGVO eine gesetzliche Verpflichtung besteht, sowie<\/li>\n<li>dies gesetzlich zul\u00e4ssig und nach Art. 6 Abs. 1 S. 1 lit. b DSGVO f\u00fcr die Abwicklung von Vertragsverh\u00e4ltnissen mit dem Nutzer erforderlich ist.<\/li>\n<\/ul>\n<p>Die Daten werden nach einer Frist von 90 Tagen automatisch gel\u00f6scht, sofern nicht die weitere Aufbewahrung zu Beweiszwecken erforderlich ist.<\/p>\n<p><strong>Cookies, allgemein<br \/><\/strong>Auf unserem Internetauftritt verwenden wir Cookies. Bei Cookies handelt es sich um kleine (Text-)Dateien, die auf Ihrem Endger\u00e4t (z.B. Smartphone, Notebook, Tablet, PC) angelegt und gespeichert werden. Bei den meisten Cookies handelt es sich um sogenannte \u201eSession-Cookies\u201c die nach dem Ende des Besuches gel\u00f6scht werden. Im Einzelfall geben diese Cookies jedoch Informationen ab, um den Nutzer automatisch wieder zu erkennen. Mittels einer sogenannten Cookie-ID k\u00f6nnen dabei Internetseiten und Server dem konkreten Internetbrowser zugeordnet werden, in dem das Cookie gespeichert wurde.<br \/>Cookies dienen der Verbesserung der Nutzerfreundlichkeit unseres Internetauftritts und um f\u00fcr unseren Internetauftritt einen technisch fehlerfreien und optimierten Zustand zu erm\u00f6glichen. Sofern Sie mit der Verwendung von Cookies nicht einverstanden sind, besteht die M\u00f6glichkeit die Verwendung in den Browsereinstellungen einzuschr\u00e4nken oder vollst\u00e4ndig zu deaktivieren. F\u00fcr den Fall der Einschr\u00e4nkung oder Deaktivierung kann die Nutzung dieses Internetauftritts eingeschr\u00e4nkt sein. Die Rechtsgrundlage f\u00fcr die Datenverarbeitung ist Art. 6 Abs. 1 S. 1 lit. f DSGVO. Unser berechtigtes Interesse folgt aus oben genannten Zwecken zur Datenerhebung.<br \/>Einige der Cookies werden gel\u00f6scht, sobald Sie Ihren Browser schlie\u00dfen(Transiente-Cookies). Andere Cookies (Persistente Cookies) verbleiben auf Ihrem Endger\u00e4t und erm\u00f6glichen uns die Wiedererkennung Ihres Browsers. Diese Cookies werden nach einer vordefinierten Dauer automatisch gel\u00f6scht.<\/p>\n<p><strong>Ihre Rechte als betroffene Person<br \/><\/strong>Sie haben gegen\u00fcber uns folgende Rechte hinsichtlich der Sie betreffenden personenbezogenen Daten:<\/p>\n<ul>\n<li>Widerruf der Einwilligung;<\/li>\n<li>Auskunft;<\/li>\n<li>Berichtigung;<\/li>\n<li>L\u00f6schung;<\/li>\n<li>Einschr\u00e4nkung der Verarbeitung;<\/li>\n<li>Recht auf \u00dcbertragbarkeit der Daten;<\/li>\n<li>Beschwerde bei einer Aufsichtsbeh\u00f6rde<\/li>\n<\/ul>\n<p>Sie haben zudem das Recht, sich bei einer Datenschutz-Aufsichtsbeh\u00f6rde \u00fcber die Verarbeitung Ihrer personenbezogenen Daten durch uns zu beschweren.<\/p>\n<p><strong>Datensicherheit<br \/><\/strong>Innerhalb des Besuches dieser Webseite wird das SSL-Verfahren (Secure Socket Layer) in Verbindung mit der jeweils &#8211; vom Nutzer eingesetzten Browser \u2013 h\u00f6chsten unterst\u00fctzten Verschl\u00fcsselungsstufe. Das ist in der Rege eine 256 Bit Verschl\u00fcsselung. Unterst\u00fctz der vom Nutzer eingesetzte Browser keine 256-Bit Verschl\u00fcsselung unterst\u00fctzt, wird auf 128-Bit v3 Technologie zur\u00fcckgegriffen. Die verschl\u00fcsselte \u00dcbertragung einer Seite dieses Internetauftritts erkennt man am Sch\u00fcssel- beziehungsweise Schloss-Symbols in der Statusleiste des Browsers.<\/p>\n<p>Neben der SSL-Verschl\u00fcsslung werden technisch- und organisatorische Sicherheitsma\u00dfnahmen, zum Schutz der Daten gegen zuf\u00e4llige oder vors\u00e4tzliche Manipulationen, Verlust, Zerst\u00f6rung oder gegen den unbefugten Zugriff Dritter eingesetzt. Diese Sicherheitsma\u00dfnahmen werden entsprechend der technologischen Entwicklung fortlaufend verbessert.<\/p>\n<p><strong>Newsletter<br \/><\/strong>Mit dem Newsletter informiert der Anbieter dieses Internetauftritts \u00fcber einzelne Angebote. Sofern Nutzer dieses Internetauftritts den Newsletter erhalten m\u00f6chten, wird eine E-Mail-Adresse ben\u00f6tigt. Die Verwendung der E-Mail-Adresse erfolgt ausschlie\u00dflich, wenn der Nutzer gem. Art. 6 Abs. 1 S. 1 lit. a DSGVO ausdr\u00fccklich eingewilligt hat. Diese E-Mail-Adresse wird dahingehend \u00fcberpr\u00fcft, ob der Nutzer auch Inhaber\/berechtigter Nutzer der E-Mail-Adresse ist. Die Daten werden ausschlie\u00dflich f\u00fcr den Versand des Newsletters verwendet, eine Weitergabe an Dritte erfolgt nicht. Weitere Daten werden nicht erhoben.<br \/>Bei der Anmeldung zum Empfang des Newsletters werden die IP-Adresse und das Datum der Anmeldung gespeichert. Die Speicherung dient ausschlie\u00dflich zur Absicherung f\u00fcr den Fall, dass ein Dritter die Adresse missbraucht hat und ohne das Wissen des Inhabers oder Berechtigten die Anmeldung zum Newsletter durchgef\u00fchrt hat.<\/p>\n<p><strong>Google Maps<br \/><\/strong>Wir nutzend Google Maps (API) von Google LLC., 1600 Amphitheatre Parkway, Mountain View, CA 94043, USA (\u201cGoogle\u201d) zur Darstellung von interaktiven Karten und unseres Standorts. Unabh\u00e4ngig von der Tatsache, ob Sie ein Google-Konto haben oder nicht oder ob Sie in einem Konto eigeloggt sind, werden bereits beim Aufrufen einer Unterseite unseres Internet-Auftritts, auf dem eine Google-Maps-Karte eingebunden ist, Informationen \u00fcber Ihre Nutzung unserer Website (wie z.B. Ihre IP-Adresse) an Server von Google in den USA \u00fcbertragen und dort gespeichert. Wenn Sie beim Aufruf einer Unterseite unseres Internet-Auftritts, auf dem eine Google-Maps-Karte eingebunden ist, bei Google eingeloggt sind, werden Ihre Daten direkt Ihrem Konto zugeordnet. Eine Zuordnung Ihrer Daten durch Google zu Ihrem Profil k\u00f6nnen Sie durch Ausloggen aus dem Google-Konto vor Betreten der Seite verhindern. Google speichert Ihre Daten als Nutzungsprofile und wertet diese aus. Dies erfolgt unabh\u00e4ngig von der Frage, ob Sie eingeloggt sind oder nicht. Rechtsgrundlage f\u00fcr die Verarbeitung ist Art. 6 Abs. 1 lit.f DSGVO. Es besteht ein berechtigtes Interesse von Google an der Einblendung personalisierter Werbung, Marktforschung und\/oder bedarfsgerechten Gestaltung seiner Website. Ihnen steht ein Widerspruchsrecht gegen die Bildung dieser Nutzerprofile zu. Das Widerspruchsrecht m\u00fcssen Sie gegen\u00fcber Google aus\u00fcben.<br \/>Google LLC mit Sitz in den USA ist f\u00fcr das us-europ\u00e4ische Datenschutz\u00fcbereinkommen \u201ePrivacy Shield\u201c zertifiziert, welches die Einhaltung des in der EU geltenden Datenschutzniveaus gew\u00e4hrleistet.<br \/>Durch Ausschalten von JavaScript in Ihrem Browser k\u00f6nnen SIe den Webdienst von Google Maps deaktivieren. Die Kartenanzeige auf unserer Webseite kann dann nicht mehr genutzt werden. Es werden dann keine Daten mehr an Google Maps \u00fcbermittelt.<br \/>Weitere Informationen zum Datenschutz bei Google Maps finden Sie unter folgendem Link: <a href=\"http:\/\/www.google.de\/intl\/de\/policies\/privacy\/\">http:\/\/www.google.de\/intl\/de\/policies\/privacy\/<\/a><\/p>\n<p><strong>Anmeldung<br \/><\/strong>Sie haben die M\u00f6glichkeit sich auf unserer Webseite zu Veranstaltungen (Anmeldung Veranstaltungen und Workshops) anzumelden. Sofern hierbei personenbezogene Daten erhoben werden (z.B. Name, E-Mail-Adresse) werden diese ausschlie\u00dflich f\u00fcr Nutzung des Angebotes und zur Anmeldung f\u00fcr die jeweilige Veranstaltung verwendet. Auf Wunsch kann der Nutzer Auskunft \u00fcber angebots- oder registrierungsrelevante Informationen beim Anbieter anfordern.<\/p>\n<p>Bei der Anmeldung zum werden folgende Daten erhoben: Vorname, Name, Unternehmen, postalische Adresse, Telefon, Workshops und sonstige Mitteilungen.<br \/>Die Verarbeitung der eingegebenen Daten erfolgt zur Durchf\u00fchrung der Anmeldung (Art. 6 Abs. 1 lit. b DSGVO).<\/p>\n<h3>Unsere Social-Media-Auftritte<\/h3>\n<h4>Datenverarbeitung durch soziale Netzwerke<\/h4>\n<p>Wir unterhalten \u00f6ffentlich zug\u00e4ngliche Profile in sozialen Netzwerken. Die im Einzelnen von uns genutzten sozialen Netzwerke finden Sie weiter unten.<\/p>\n<p>Soziale Netzwerke wie Facebook, Twitter etc. k\u00f6nnen Ihr Nutzerverhalten in der Regel umfassend analysieren, wenn Sie deren Website oder eine Website mit integrierten Social-Media-Inhalten (z. B. Like-Buttons oder Werbebannern) besuchen. Durch den Besuch unserer Social-Media-Pr\u00e4senzen werden zahlreiche datenschutzrelevante Verarbeitungsvorg\u00e4nge ausgel\u00f6st. Im Einzelnen:<\/p>\n<p>Wenn Sie in Ihrem Social-Media-Account eingeloggt sind und unsere Social-Media-Pr\u00e4senz besuchen, kann der Betreiber des Social-Media-Portals diesen Besuch Ihrem Benutzerkonto zuordnen. Ihre personenbezogenen Daten k\u00f6nnen unter Umst\u00e4nden aber auch dann erfasst werden, wenn Sie nicht eingeloggt sind oder keinen Account beim jeweiligen Social-Media-Portal besitzen. Diese Datenerfassung erfolgt in diesem Fall beispielsweise \u00fcber Cookies, die auf Ihrem Endger\u00e4t gespeichert werden oder durch Erfassung Ihrer IP-Adresse.<\/p>\n<p>Mit Hilfe der so erfassten Daten k\u00f6nnen die Betreiber der Social-Media-Portale Nutzerprofile erstellen, in denen Ihre Pr\u00e4ferenzen und Interessen hinterlegt sind. Auf diese Weise kann Ihnen interessenbezogene Werbung in- und au\u00dferhalb der jeweiligen Social-Media-Pr\u00e4senz angezeigt werden. Sofern Sie \u00fcber einen Account beim jeweiligen sozialen Netzwerk verf\u00fcgen, kann die interessenbezogene Werbung auf allen Ger\u00e4ten angezeigt werden, auf denen Sie eingeloggt sind oder eingeloggt waren.<\/p>\n<p>Bitte beachten Sie au\u00dferdem, dass wir nicht alle Verarbeitungsprozesse auf den Social-Media-Portalen nachvollziehen k\u00f6nnen. Je nach Anbieter k\u00f6nnen daher ggf. weitere Verarbeitungsvorg\u00e4nge von den Betreibern der Social-Media-Portale durchgef\u00fchrt werden. Details hierzu entnehmen Sie den Nutzungsbedingungen und Datenschutzbestimmungen der jeweiligen Social-Media-Portale.<\/p>\n<h4>Rechtsgrundlage<\/h4>\n<p>Unsere Social-Media-Auftritte sollen eine m\u00f6glichst umfassende Pr\u00e4senz im Internet gew\u00e4hrleisten. Hierbei handelt es sich um ein berechtigtes Interesse im Sinne von Art. 6 Abs. 1 lit. f DSGVO. Die von den sozialen Netzwerken initiierten Analyseprozesse beruhen ggf. auf abweichenden Rechtsgrundlagen, die von den Betreibern der sozialen Netzwerke anzugeben sind (z. B. Einwilligung im Sinne des Art. 6 Abs. 1 lit. a DSGVO).<\/p>\n<h4>Verantwortlicher und Geltendmachung von Rechten<\/h4>\n<p>Wenn Sie einen unserer Social-Media-Auftritte (z. B. Facebook) besuchen, sind wir gemeinsam mit dem Betreiber der Social-Media-Plattform f\u00fcr die bei diesem Besuch ausgel\u00f6sten Datenverarbeitungsvorg\u00e4nge verantwortlich. Sie k\u00f6nnen Ihre Rechte (Auskunft, Berichtigung, L\u00f6schung, Einschr\u00e4nkung der Verarbeitung, Daten\u00fcbertragbarkeit und Beschwerde) grunds\u00e4tzlich sowohl gg\u00fc. uns als auch gg\u00fc. dem Betreiber des jeweiligen Social-Media-Portals (z. B. gg\u00fc. Facebook) geltend machen.<\/p>\n<p>Bitte beachten Sie, dass wir trotz der gemeinsamen Verantwortlichkeit mit den Social-Media-Portal-Betreibern nicht vollumf\u00e4nglich Einfluss auf die Datenverarbeitungsvorg\u00e4nge der Social-Media-Portale haben. Unsere M\u00f6glichkeiten richten sich ma\u00dfgeblich nach der Unternehmenspolitik des jeweiligen Anbieters.<\/p>\n<h4>Speicherdauer<\/h4>\n<p>Die unmittelbar von uns \u00fcber die Social-Media-Pr\u00e4senz erfassten Daten werden von unseren Systemen gel\u00f6scht, sobald Sie uns zur L\u00f6schung auffordern, Ihre Einwilligung zur Speicherung widerrufen oder der Zweck f\u00fcr die Datenspeicherung entf\u00e4llt. Gespeicherte Cookies verbleiben auf Ihrem Endger\u00e4t, bis Sie sie l\u00f6schen. Zwingende gesetzliche Bestimmungen \u2013 insb. Aufbewahrungsfristen \u2013 bleiben unber\u00fchrt.<\/p>\n<p>Auf die Speicherdauer Ihrer Daten, die von den Betreibern der sozialen Netzwerke zu eigenen Zwecken gespeichert werden, haben wir keinen Einfluss. F\u00fcr Einzelheiten dazu informieren Sie sich bitte direkt bei den Betreibern der sozialen Netzwerke (z. B. in deren Datenschutzerkl\u00e4rung, siehe unten).<\/p>\n<h4>Soziale Netzwerke im Einzelnen<\/h4>\n<h5>Facebook<\/h5>\n<p>Wir verf\u00fcgen \u00fcber ein Profil bei Facebook. Anbieter dieses Dienstes ist die Facebook Ireland Limited, 4 Grand Canal Square, Grand Canal Harbour, Dublin 2, Irland. Die erfassten Daten werden nach Aussage von Facebook auch in die USA und in andere Drittl\u00e4nder \u00fcbertragen.<\/p>\n<p>Wir haben mit Facebook eine Vereinbarung \u00fcber gemeinsame Verarbeitung (Controller Addendum) geschlossen. In dieser Vereinbarung wird festgelegt, f\u00fcr welche Datenverarbeitungsvorg\u00e4nge wir bzw. Facebook verantwortlich ist, wenn Sie unsere Facebook-Page besuchen. Diese Vereinbarung k\u00f6nnen Sie unter folgendem Link einsehen: <a href=\"https:\/\/www.facebook.com\/legal\/terms\/page_controller_addendum\" target=\"_blank\" rel=\"noopener noreferrer\">https:\/\/www.facebook.com\/legal\/terms\/page_controller_addendum<\/a>.<\/p>\n<p><strong>Sie k\u00f6nnen Ihre Werbeeinstellungen selbstst\u00e4ndig in Ihrem Nutzer-Account anpassen. Klicken Sie hierzu auf folgenden Link und loggen Sie sich ein:<\/strong> <a href=\"https:\/\/www.facebook.com\/settings?tab=ads\" target=\"_blank\" rel=\"noopener noreferrer\">https:\/\/www.facebook.com\/settings?tab=ads<\/a>.<\/p>\n<p>Die Daten\u00fcbertragung in die USA wird auf die Standardvertragsklauseln der EU-Kommission gest\u00fctzt. Details finden Sie hier: <a href=\"https:\/\/www.facebook.com\/legal\/EU_data_transfer_addendum\" target=\"_blank\" rel=\"noopener noreferrer\">https:\/\/www.facebook.com\/legal\/EU_data_transfer_addendum<\/a> und <a href=\"https:\/\/de-de.facebook.com\/help\/566994660333381\" target=\"_blank\" rel=\"noopener noreferrer\">https:\/\/de-de.facebook.com\/help\/566994660333381<\/a>.<\/p>\n<p>Details entnehmen Sie der Datenschutzerkl\u00e4rung von Facebook: <a href=\"https:\/\/www.facebook.com\/about\/privacy\/\" target=\"_blank\" rel=\"noopener noreferrer\">https:\/\/www.facebook.com\/about\/privacy\/<\/a>.<\/p>\n<h5>Instagram<\/h5>\n<p>Wir verf\u00fcgen \u00fcber ein Profil bei Instagram. Anbieter ist die Instagram Inc., 1601 Willow Road, Menlo Park, CA, 94025, USA.<\/p>\n<p>Die Daten\u00fcbertragung in die USA wird auf die Standardvertragsklauseln der EU-Kommission gest\u00fctzt. Details finden Sie hier: <a href=\"https:\/\/www.facebook.com\/legal\/EU_data_transfer_addendum\" target=\"_blank\" rel=\"noopener noreferrer\">https:\/\/www.facebook.com\/legal\/EU_data_transfer_addendum<\/a>, <a href=\"https:\/\/help.instagram.com\/519522125107875\" target=\"_blank\" rel=\"noopener noreferrer\">https:\/\/help.instagram.com\/519522125107875<\/a> und <a href=\"https:\/\/de-de.facebook.com\/help\/566994660333381\" target=\"_blank\" rel=\"noopener noreferrer\">https:\/\/de-de.facebook.com\/help\/566994660333381<\/a>.<\/p>\n<p>Details zu deren Umgang mit Ihren personenbezogenen Daten entnehmen Sie der Datenschutzerkl\u00e4rung von Instagram: <a href=\"https:\/\/help.instagram.com\/519522125107875\" target=\"_blank\" rel=\"noopener noreferrer\">https:\/\/help.instagram.com\/519522125107875<\/a>.<\/p>\n<h5>YouTube<\/h5>\n<p>Wir verf\u00fcgen \u00fcber ein Profil bei YouTube. Anbieter ist die Google Ireland Limited, Gordon House, Barrow Street, Dublin 4, Irland. Details zu deren Umgang mit Ihren personenbezogenen Daten entnehmen Sie der Datenschutzerkl\u00e4rung von YouTube: <a href=\"https:\/\/policies.google.com\/privacy?hl=de\" target=\"_blank\" rel=\"noopener noreferrer\">https:\/\/policies.google.com\/privacy?hl=de<\/a>.<\/p>\n<p>[\/et_pb_text][\/et_pb_column][\/et_pb_row][\/et_pb_section]<\/p>\n","protected":false},"excerpt":{"rendered":"<p>Privacy policy Allgemeine Informationen Beim Besuch unser Webseite erhebt der Anbieter dieser Plattform (beziehungsweise sein Webspace-Provider) Daten \u00fcber jeden Zugriff auf das Angebot. Zu diesen Zugriffsdaten geh\u00f6ren: der Name der abgerufenen Webseite, IP-Adresse des anfragenden Rechners, das Datum und die Uhrzeit des Abrufs, die \u00fcbertragene Datenmenge, den Browsertyp und die Version des Browsers, das vom [&hellip;]<\/p>\n","protected":false},"author":1,"featured_media":0,"parent":0,"menu_order":10,"comment_status":"closed","ping_status":"closed","template":"","meta":{"_et_pb_use_builder":"on","_et_pb_old_content":"","_et_gb_content_width":"","footnotes":""},"class_list":["post-1972","page","type-page","status-publish","hentry"],"acf":[],"_links":{"self":[{"href":"https:\/\/kikife.de\/en\/wp-json\/wp\/v2\/pages\/1972","targetHints":{"allow":["GET"]}}],"collection":[{"href":"https:\/\/kikife.de\/en\/wp-json\/wp\/v2\/pages"}],"about":[{"href":"https:\/\/kikife.de\/en\/wp-json\/wp\/v2\/types\/page"}],"author":[{"embeddable":true,"href":"https:\/\/kikife.de\/en\/wp-json\/wp\/v2\/users\/1"}],"replies":[{"embeddable":true,"href":"https:\/\/kikife.de\/en\/wp-json\/wp\/v2\/comments?post=1972"}],"version-history":[{"count":5,"href":"https:\/\/kikife.de\/en\/wp-json\/wp\/v2\/pages\/1972\/revisions"}],"predecessor-version":[{"id":1977,"href":"https:\/\/kikife.de\/en\/wp-json\/wp\/v2\/pages\/1972\/revisions\/1977"}],"wp:attachment":[{"href":"https:\/\/kikife.de\/en\/wp-json\/wp\/v2\/media?parent=1972"}],"curies":[{"name":"wp","href":"https:\/\/api.w.org\/{rel}","templated":true}]}}